{"id":4582,"date":"2023-08-11T22:46:10","date_gmt":"2023-08-12T01:46:10","guid":{"rendered":"https:\/\/mariasesteticaepodologia.com.br\/?page_id=4582"},"modified":"2023-10-28T01:20:45","modified_gmt":"2023-10-28T04:20:45","slug":"tratamentos-1","status":"publish","type":"page","link":"https:\/\/mariasesteticaepodologia.com.br\/index.php\/tratamentos-1\/","title":{"rendered":"Tratamentos 1"},"content":{"rendered":"\t\t<div data-elementor-type=\"wp-page\" data-elementor-id=\"4582\" class=\"elementor elementor-4582\" data-elementor-post-type=\"page\">\n\t\t\t\t<div class=\"elementor-element elementor-element-2467c790 e-con-full e-flex e-con e-parent\" data-id=\"2467c790\" data-element_type=\"container\" data-settings=\"{&quot;background_background&quot;:&quot;classic&quot;,&quot;shape_divider_bottom&quot;:&quot;waves&quot;}\">\n\t\t\t\t<div class=\"elementor-shape elementor-shape-bottom\" data-negative=\"false\">\n\t\t\t<svg xmlns=\"http:\/\/www.w3.org\/2000\/svg\" viewBox=\"0 0 1000 100\" preserveAspectRatio=\"none\">\n\t<path class=\"elementor-shape-fill\" d=\"M421.9,6.5c22.6-2.5,51.5,0.4,75.5,5.3c23.6,4.9,70.9,23.5,100.5,35.7c75.8,32.2,133.7,44.5,192.6,49.7\n\tc23.6,2.1,48.7,3.5,103.4-2.5c54.7-6,106.2-25.6,106.2-25.6V0H0v30.3c0,0,72,32.6,158.4,30.5c39.2-0.7,92.8-6.7,134-22.4\n\tc21.2-8.1,52.2-18.2,79.7-24.2C399.3,7.9,411.6,7.5,421.9,6.5z\"\/>\n<\/svg>\t\t<\/div>\n\t\t<div class=\"elementor-element elementor-element-d425080 e-flex e-con-boxed e-con e-child\" data-id=\"d425080\" data-element_type=\"container\">\n\t\t\t\t\t<div class=\"e-con-inner\">\n\t\t\t\t<div class=\"elementor-element elementor-element-c553732 elementor-widget__width-initial elementor-widget-tablet__width-initial elementor-widget elementor-widget-heading\" data-id=\"c553732\" data-element_type=\"widget\" data-widget_type=\"heading.default\">\n\t\t\t\t<div class=\"elementor-widget-container\">\n\t\t\t\t\t<h2 class=\"elementor-heading-title elementor-size-default\">Tratamentos<\/h2>\t\t\t\t<\/div>\n\t\t\t\t<\/div>\n\t\t\t\t<div class=\"elementor-element elementor-element-f4abfcc elementor-widget elementor-widget-text-editor\" data-id=\"f4abfcc\" data-element_type=\"widget\" data-widget_type=\"text-editor.default\">\n\t\t\t\t<div class=\"elementor-widget-container\">\n\t\t\t\t\t\t\t\t\t<p><b>Comece a sua jornada rumo ao corpo dos seus sonhos <br \/>com o tratamento personalizado que voc\u00ea merece!<\/b><\/p>\t\t\t\t\t\t\t\t<\/div>\n\t\t\t\t<\/div>\n\t\t\t\t\t<\/div>\n\t\t\t\t<\/div>\n\t\t\t\t<\/div>\n\t\t<div class=\"elementor-element elementor-element-b2c211d e-flex e-con-boxed e-con e-parent\" data-id=\"b2c211d\" data-element_type=\"container\">\n\t\t\t\t\t<div class=\"e-con-inner\">\n\t\t<div class=\"elementor-element elementor-element-8c3a0db e-con-full e-flex e-con e-child\" data-id=\"8c3a0db\" data-element_type=\"container\">\n\t\t<div class=\"elementor-element elementor-element-589ac37 e-con-full e-flex e-con e-child\" data-id=\"589ac37\" data-element_type=\"container\">\n\t\t<div class=\"elementor-element elementor-element-bda965f e-con-full e-flex e-con e-child\" data-id=\"bda965f\" data-element_type=\"container\" data-settings=\"{&quot;background_background&quot;:&quot;classic&quot;}\">\n\t\t\t\t<div class=\"elementor-element elementor-element-2848ee8 elementor-widget elementor-widget-image\" data-id=\"2848ee8\" data-element_type=\"widget\" data-widget_type=\"image.default\">\n\t\t\t\t<div class=\"elementor-widget-container\">\n\t\t\t\t\t\t\t\t\t\t\t\t\t\t\t<img fetchpriority=\"high\" decoding=\"async\" width=\"300\" height=\"300\" src=\"https:\/\/mariasesteticaepodologia.com.br\/wp-content\/uploads\/2023\/05\/acne-20.png\" class=\"attachment-large size-large wp-image-3570\" alt=\"\" srcset=\"https:\/\/mariasesteticaepodologia.com.br\/wp-content\/uploads\/2023\/05\/acne-20.png 300w, https:\/\/mariasesteticaepodologia.com.br\/wp-content\/uploads\/2023\/05\/acne-20-150x150.png 150w\" sizes=\"(max-width: 300px) 100vw, 300px\" \/>\t\t\t\t\t\t\t\t\t\t\t\t\t\t\t<\/div>\n\t\t\t\t<\/div>\n\t\t\t\t<div class=\"elementor-element elementor-element-6845fb9 elementor-widget elementor-widget-heading\" data-id=\"6845fb9\" data-element_type=\"widget\" data-widget_type=\"heading.default\">\n\t\t\t\t<div class=\"elementor-widget-container\">\n\t\t\t\t\t<h2 class=\"elementor-heading-title elementor-size-default\">Faciais<\/h2>\t\t\t\t<\/div>\n\t\t\t\t<\/div>\n\t\t<div class=\"elementor-element elementor-element-638c964 e-grid e-con-boxed e-con e-child\" data-id=\"638c964\" data-element_type=\"container\">\n\t\t\t\t\t<div class=\"e-con-inner\">\n\t\t\t\t<div class=\"elementor-element elementor-element-d8cf2be elementor-cta--layout-image-above elementor-cta--skin-classic elementor-animated-content elementor-bg-transform elementor-bg-transform-zoom-in elementor-widget elementor-widget-call-to-action\" data-id=\"d8cf2be\" data-element_type=\"widget\" data-widget_type=\"call-to-action.default\">\n\t\t\t\t<div class=\"elementor-widget-container\">\n\t\t\t\t\t\t\t<div class=\"elementor-cta\">\n\t\t\t\t\t<div class=\"elementor-cta__bg-wrapper\">\n\t\t\t\t<div class=\"elementor-cta__bg elementor-bg\" style=\"background-image: url(https:\/\/mariasesteticaepodologia.com.br\/wp-content\/uploads\/2023\/04\/POST-07_FOTO_Limpeza-de-Pele-Profunda.jpeg);\" role=\"img\" aria-label=\"POST 07_FOTO_Limpeza de Pele Profunda\"><\/div>\n\t\t\t\t<div class=\"elementor-cta__bg-overlay\"><\/div>\n\t\t\t<\/div>\n\t\t\t\t\t\t\t<div class=\"elementor-cta__content\">\n\t\t\t\t\n\t\t\t\t\t\t\t\t\t<h2 class=\"elementor-cta__title elementor-cta__content-item elementor-content-item\">\n\t\t\t\t\t\tLimpeza de Pele\t\t\t\t\t<\/h2>\n\t\t\t\t\n\t\t\t\t\t\t\t\t\t<div class=\"elementor-cta__description elementor-cta__content-item elementor-content-item\">\n\t\t\t\t\t\tA limpeza de pele tem como objetivo remover as impurezas para deixar sua pele com um aspecto mais saud\u00e1vel. \u00c9 a higieniza\u00e7\u00e3o da pele que promove a desobstru\u00e7\u00e3o dos \u00f3steos, tanto da pele normal, quanto da acneica.\t\t\t\t\t<\/div>\n\t\t\t\t\n\t\t\t\t\t\t\t<\/div>\n\t\t\t\t\t\t<\/div>\n\t\t\t\t\t\t<\/div>\n\t\t\t\t<\/div>\n\t\t\t\t\t<\/div>\n\t\t\t\t<\/div>\n\t\t\t\t<div class=\"elementor-element elementor-element-426cf19 elementor-grid-6 elementor-grid-tablet-2 elementor-grid-mobile-1 elementor-widget elementor-widget-portfolio\" data-id=\"426cf19\" data-element_type=\"widget\" data-settings=\"{&quot;columns&quot;:&quot;6&quot;,&quot;item_ratio&quot;:{&quot;unit&quot;:&quot;px&quot;,&quot;size&quot;:0.92,&quot;sizes&quot;:[]},&quot;columns_tablet&quot;:&quot;2&quot;,&quot;columns_mobile&quot;:&quot;1&quot;,&quot;item_gap&quot;:{&quot;unit&quot;:&quot;px&quot;,&quot;size&quot;:&quot;&quot;,&quot;sizes&quot;:[]},&quot;row_gap&quot;:{&quot;unit&quot;:&quot;px&quot;,&quot;size&quot;:&quot;&quot;,&quot;sizes&quot;:[]}}\" data-widget_type=\"portfolio.default\">\n\t\t\t\t<div class=\"elementor-widget-container\">\n\t\t\t\t\t\t\t<div class=\"elementor-portfolio elementor-grid elementor-posts-container\">\n\t\t\t\t<article class=\"elementor-portfolio-item elementor-post  post-441 post type-post status-publish format-standard hentry category-faciais\">\n\t\t\t<a class=\"elementor-post__thumbnail__link\" href=\"https:\/\/mariasesteticaepodologia.com.br\/index.php\/2023\/04\/15\/limpeza-de-pele\/\">\n\t\t\t\t<div class=\"elementor-portfolio-item__img elementor-post__thumbnail\">\n\t\t\t\t\t<\/div>\n\t\t\t\t<div class=\"elementor-portfolio-item__overlay\">\n\t\t\t\t<h3 class=\"elementor-portfolio-item__title\">\n\t\tLimpeza de pele\t\t<\/h3>\n\t\t\t\t<\/div>\n\t\t\t\t<\/a>\n\t\t<\/article>\n\t\t\t\t<article class=\"elementor-portfolio-item elementor-post  post-439 post type-post status-publish format-standard hentry category-beyond-news\">\n\t\t\t<a class=\"elementor-post__thumbnail__link\" href=\"https:\/\/mariasesteticaepodologia.com.br\/index.php\/2023\/04\/15\/we-learn-from-experience-and-past-mistakes\/\">\n\t\t\t\t<div class=\"elementor-portfolio-item__img elementor-post__thumbnail\">\n\t\t\t\t\t<\/div>\n\t\t\t\t<div class=\"elementor-portfolio-item__overlay\">\n\t\t\t\t<h3 class=\"elementor-portfolio-item__title\">\n\t\tWe learn from experience and past mistakes\t\t<\/h3>\n\t\t\t\t<\/div>\n\t\t\t\t<\/a>\n\t\t<\/article>\n\t\t\t\t<article class=\"elementor-portfolio-item elementor-post  post-437 post type-post status-publish format-standard hentry category-beyond-news\">\n\t\t\t<a class=\"elementor-post__thumbnail__link\" href=\"https:\/\/mariasesteticaepodologia.com.br\/index.php\/2023\/04\/15\/fun-fun-and-more-fun-come-work-beyond\/\">\n\t\t\t\t<div class=\"elementor-portfolio-item__img elementor-post__thumbnail\">\n\t\t\t\t\t<\/div>\n\t\t\t\t<div class=\"elementor-portfolio-item__overlay\">\n\t\t\t\t<h3 class=\"elementor-portfolio-item__title\">\n\t\tFun, fun, and more fun! come work @ Beyond\t\t<\/h3>\n\t\t\t\t<\/div>\n\t\t\t\t<\/a>\n\t\t<\/article>\n\t\t\t\t<article class=\"elementor-portfolio-item elementor-post  post-435 post type-post status-publish format-standard hentry category-beyond-news\">\n\t\t\t<a class=\"elementor-post__thumbnail__link\" href=\"https:\/\/mariasesteticaepodologia.com.br\/index.php\/2023\/04\/15\/the-digital-marketing-revolution-is-here\/\">\n\t\t\t\t<div class=\"elementor-portfolio-item__img elementor-post__thumbnail\">\n\t\t\t\t\t<\/div>\n\t\t\t\t<div class=\"elementor-portfolio-item__overlay\">\n\t\t\t\t<h3 class=\"elementor-portfolio-item__title\">\n\t\tthe digital marketing revolution is here\t\t<\/h3>\n\t\t\t\t<\/div>\n\t\t\t\t<\/a>\n\t\t<\/article>\n\t\t\t\t<article class=\"elementor-portfolio-item elementor-post  post-433 post type-post status-publish format-standard hentry category-beyond-news\">\n\t\t\t<a class=\"elementor-post__thumbnail__link\" href=\"https:\/\/mariasesteticaepodologia.com.br\/index.php\/2023\/04\/15\/do-ppc-ninjas-really-exist-or-not\/\">\n\t\t\t\t<div class=\"elementor-portfolio-item__img elementor-post__thumbnail\">\n\t\t\t\t\t<\/div>\n\t\t\t\t<div class=\"elementor-portfolio-item__overlay\">\n\t\t\t\t<h3 class=\"elementor-portfolio-item__title\">\n\t\tDo PPC Ninjas Really Exist Or Not?\t\t<\/h3>\n\t\t\t\t<\/div>\n\t\t\t\t<\/a>\n\t\t<\/article>\n\t\t\t\t<article class=\"elementor-portfolio-item elementor-post  post-431 post type-post status-publish format-standard hentry category-beyond-news\">\n\t\t\t<a class=\"elementor-post__thumbnail__link\" href=\"https:\/\/mariasesteticaepodologia.com.br\/index.php\/2023\/04\/15\/case-study-how-to-improve-seo-scores\/\">\n\t\t\t\t<div class=\"elementor-portfolio-item__img elementor-post__thumbnail\">\n\t\t\t\t\t<\/div>\n\t\t\t\t<div class=\"elementor-portfolio-item__overlay\">\n\t\t\t\t<h3 class=\"elementor-portfolio-item__title\">\n\t\tCase Study: How to improve SEO scores\t\t<\/h3>\n\t\t\t\t<\/div>\n\t\t\t\t<\/a>\n\t\t<\/article>\n\t\t\t\t<\/div>\n\t\t\t\t\t\t<\/div>\n\t\t\t\t<\/div>\n\t\t\t\t<\/div>\n\t\t<div class=\"elementor-element elementor-element-f307328 e-con-full e-flex e-con e-child\" data-id=\"f307328\" data-element_type=\"container\" data-settings=\"{&quot;background_background&quot;:&quot;classic&quot;}\">\n\t\t\t\t<div class=\"elementor-element elementor-element-0d908b1 elementor-widget elementor-widget-image\" data-id=\"0d908b1\" data-element_type=\"widget\" data-widget_type=\"image.default\">\n\t\t\t\t<div class=\"elementor-widget-container\">\n\t\t\t\t\t\t\t\t\t\t\t\t\t\t\t<img decoding=\"async\" width=\"300\" height=\"300\" src=\"https:\/\/mariasesteticaepodologia.com.br\/wp-content\/uploads\/2023\/05\/jet-18.png\" class=\"attachment-large size-large wp-image-3571\" alt=\"\" srcset=\"https:\/\/mariasesteticaepodologia.com.br\/wp-content\/uploads\/2023\/05\/jet-18.png 300w, https:\/\/mariasesteticaepodologia.com.br\/wp-content\/uploads\/2023\/05\/jet-18-150x150.png 150w\" sizes=\"(max-width: 300px) 100vw, 300px\" \/>\t\t\t\t\t\t\t\t\t\t\t\t\t\t\t<\/div>\n\t\t\t\t<\/div>\n\t\t\t\t<div class=\"elementor-element elementor-element-d43fd1c elementor-widget elementor-widget-heading\" data-id=\"d43fd1c\" data-element_type=\"widget\" data-widget_type=\"heading.default\">\n\t\t\t\t<div class=\"elementor-widget-container\">\n\t\t\t\t\t<h2 class=\"elementor-heading-title elementor-size-default\">Corporais<\/h2>\t\t\t\t<\/div>\n\t\t\t\t<\/div>\n\t\t\t\t<div class=\"elementor-element elementor-element-74c37eb elementor-widget elementor-widget-text-editor\" data-id=\"74c37eb\" data-element_type=\"widget\" data-widget_type=\"text-editor.default\">\n\t\t\t\t<div class=\"elementor-widget-container\">\n\t\t\t\t\t\t\t\t\t<ul><li style=\"font-weight: 400;\" aria-level=\"1\">Jet bronze<\/li><li style=\"font-weight: 400;\" aria-level=\"1\">Drenagem linf\u00e1tica (pr\u00e9 e p\u00f3s cir\u00fargica)<\/li><li style=\"font-weight: 400;\" aria-level=\"1\">Ultrassom Microfocado<\/li><li style=\"font-weight: 400;\" aria-level=\"1\">Banho de Lua<\/li><li style=\"font-weight: 400;\" aria-level=\"1\">Personal Est\u00e9tica<\/li><li style=\"font-weight: 400;\" aria-level=\"1\">Eletrobody para Defini\u00e7\u00e3o Corporal<\/li><\/ul>\t\t\t\t\t\t\t\t<\/div>\n\t\t\t\t<\/div>\n\t\t\t\t<\/div>\n\t\t<div class=\"elementor-element elementor-element-c1dc185 e-con-full e-flex e-con e-child\" data-id=\"c1dc185\" data-element_type=\"container\" data-settings=\"{&quot;background_background&quot;:&quot;classic&quot;}\">\n\t\t\t\t<div class=\"elementor-element elementor-element-723190f elementor-widget elementor-widget-image\" data-id=\"723190f\" data-element_type=\"widget\" data-widget_type=\"image.default\">\n\t\t\t\t<div class=\"elementor-widget-container\">\n\t\t\t\t\t\t\t\t\t\t\t\t\t\t\t<img decoding=\"async\" width=\"300\" height=\"300\" src=\"https:\/\/mariasesteticaepodologia.com.br\/wp-content\/uploads\/2023\/05\/despigmentacao-28.png\" class=\"attachment-large size-large wp-image-3565\" alt=\"\" srcset=\"https:\/\/mariasesteticaepodologia.com.br\/wp-content\/uploads\/2023\/05\/despigmentacao-28.png 300w, https:\/\/mariasesteticaepodologia.com.br\/wp-content\/uploads\/2023\/05\/despigmentacao-28-150x150.png 150w\" sizes=\"(max-width: 300px) 100vw, 300px\" \/>\t\t\t\t\t\t\t\t\t\t\t\t\t\t\t<\/div>\n\t\t\t\t<\/div>\n\t\t\t\t<div class=\"elementor-element elementor-element-a109a0b elementor-widget elementor-widget-heading\" data-id=\"a109a0b\" data-element_type=\"widget\" data-widget_type=\"heading.default\">\n\t\t\t\t<div class=\"elementor-widget-container\">\n\t\t\t\t\t<h2 class=\"elementor-heading-title elementor-size-default\">Terap\u00eauticos<\/h2>\t\t\t\t<\/div>\n\t\t\t\t<\/div>\n\t\t\t\t<div class=\"elementor-element elementor-element-b104d89 elementor-widget elementor-widget-text-editor\" data-id=\"b104d89\" data-element_type=\"widget\" data-widget_type=\"text-editor.default\">\n\t\t\t\t<div class=\"elementor-widget-container\">\n\t\t\t\t\t\t\t\t\t<ul><li style=\"font-weight: 400;\" aria-level=\"1\">Tricologia<\/li><li style=\"font-weight: 400;\" aria-level=\"1\">Laserterapia e ILIB<\/li><li style=\"font-weight: 400;\" aria-level=\"1\">Terapia Qu\u00e2ntica<\/li><\/ul>\t\t\t\t\t\t\t\t<\/div>\n\t\t\t\t<\/div>\n\t\t\t\t<\/div>\n\t\t<div class=\"elementor-element elementor-element-d579681 e-con-full e-flex e-con e-child\" data-id=\"d579681\" data-element_type=\"container\" data-settings=\"{&quot;background_background&quot;:&quot;classic&quot;}\">\n\t\t\t\t<div class=\"elementor-element elementor-element-6ff388d elementor-widget elementor-widget-image\" data-id=\"6ff388d\" data-element_type=\"widget\" data-widget_type=\"image.default\">\n\t\t\t\t<div class=\"elementor-widget-container\">\n\t\t\t\t\t\t\t\t\t\t\t\t\t\t\t<img loading=\"lazy\" decoding=\"async\" width=\"300\" height=\"300\" src=\"https:\/\/mariasesteticaepodologia.com.br\/wp-content\/uploads\/2023\/05\/drenagem-22.png\" class=\"attachment-large size-large wp-image-3569\" alt=\"\" srcset=\"https:\/\/mariasesteticaepodologia.com.br\/wp-content\/uploads\/2023\/05\/drenagem-22.png 300w, https:\/\/mariasesteticaepodologia.com.br\/wp-content\/uploads\/2023\/05\/drenagem-22-150x150.png 150w\" sizes=\"(max-width: 300px) 100vw, 300px\" \/>\t\t\t\t\t\t\t\t\t\t\t\t\t\t\t<\/div>\n\t\t\t\t<\/div>\n\t\t\t\t<div class=\"elementor-element elementor-element-a967c80 elementor-widget elementor-widget-heading\" data-id=\"a967c80\" data-element_type=\"widget\" data-widget_type=\"heading.default\">\n\t\t\t\t<div class=\"elementor-widget-container\">\n\t\t\t\t\t<h2 class=\"elementor-heading-title elementor-size-default\">Sa\u00fade &amp; bem-estar<\/h2>\t\t\t\t<\/div>\n\t\t\t\t<\/div>\n\t\t\t\t<div class=\"elementor-element elementor-element-86cf497 elementor-widget elementor-widget-text-editor\" data-id=\"86cf497\" data-element_type=\"widget\" data-widget_type=\"text-editor.default\">\n\t\t\t\t<div class=\"elementor-widget-container\">\n\t\t\t\t\t\t\t\t\t<ul><li style=\"font-weight: 400;\" aria-level=\"1\">Massagem antiestresse<\/li><li aria-level=\"1\">Auricuroloterapia<\/li><\/ul>\t\t\t\t\t\t\t\t<\/div>\n\t\t\t\t<\/div>\n\t\t\t\t<\/div>\n\t\t\t\t<\/div>\n\t\t\t\t<\/div>\n\t\t\t\t\t<\/div>\n\t\t\t\t<\/div>\n\t\t\t\t<\/div>\n\t\t","protected":false},"excerpt":{"rendered":"<p>Tratamentos Comece a sua jornada rumo ao corpo dos seus sonhos com o tratamento personalizado que voc\u00ea merece! Faciais Limpeza de Pele A limpeza de pele tem como objetivo remover as impurezas para deixar sua pele com um aspecto mais saud\u00e1vel. \u00c9 a higieniza\u00e7\u00e3o da pele que promove a desobstru\u00e7\u00e3o dos \u00f3steos, tanto da pele [&hellip;]<\/p>\n","protected":false},"author":3,"featured_media":0,"parent":0,"menu_order":0,"comment_status":"closed","ping_status":"closed","template":"","meta":{"footnotes":""},"class_list":["post-4582","page","type-page","status-publish","hentry"],"_links":{"self":[{"href":"https:\/\/mariasesteticaepodologia.com.br\/index.php\/wp-json\/wp\/v2\/pages\/4582","targetHints":{"allow":["GET"]}}],"collection":[{"href":"https:\/\/mariasesteticaepodologia.com.br\/index.php\/wp-json\/wp\/v2\/pages"}],"about":[{"href":"https:\/\/mariasesteticaepodologia.com.br\/index.php\/wp-json\/wp\/v2\/types\/page"}],"author":[{"embeddable":true,"href":"https:\/\/mariasesteticaepodologia.com.br\/index.php\/wp-json\/wp\/v2\/users\/3"}],"replies":[{"embeddable":true,"href":"https:\/\/mariasesteticaepodologia.com.br\/index.php\/wp-json\/wp\/v2\/comments?post=4582"}],"version-history":[{"count":179,"href":"https:\/\/mariasesteticaepodologia.com.br\/index.php\/wp-json\/wp\/v2\/pages\/4582\/revisions"}],"predecessor-version":[{"id":4928,"href":"https:\/\/mariasesteticaepodologia.com.br\/index.php\/wp-json\/wp\/v2\/pages\/4582\/revisions\/4928"}],"wp:attachment":[{"href":"https:\/\/mariasesteticaepodologia.com.br\/index.php\/wp-json\/wp\/v2\/media?parent=4582"}],"curies":[{"name":"wp","href":"https:\/\/api.w.org\/{rel}","templated":true}]}}